{"id":3803,"date":"2016-01-18T21:53:57","date_gmt":"2016-01-18T20:53:57","guid":{"rendered":"http:\/\/www.jahraus.eu\/?page_id=3803"},"modified":"2017-03-01T20:16:45","modified_gmt":"2017-03-01T19:16:45","slug":"sponsoren","status":"publish","type":"page","link":"https:\/\/www.jahraus.eu\/?page_id=3803","title":{"rendered":"Sponsoren"},"content":{"rendered":"<style type=\"text\/css\">#wonderplugintabs-2 > .wonderplugintabs-header-wrap { \tbox-sizing: border-box; \tdisplay: block; \tposition: relative; \twidth: 100%;\t \tz-index: 1; \tmargin-top: -1px; }  #wonderplugintabs-2 > .wonderplugintabs-header-wrap .wonderplugintabs-header-inner-wrap { \tbox-sizing: border-box; \tdisplay: block; \toverflow: hidden;\t }  #wonderplugintabs-2 > .wonderplugintabs-header-wrap .wonderplugintabs-header-ul { \tbox-sizing: border-box; \tdisplay: block; \tposition: relative; \tlist-style: none; \twhite-space: nowrap; \tmargin: 0; \tpadding: 0; }  #wonderplugintabs-2 > .wonderplugintabs-header-wrap .wonderplugintabs-header-li { \tbox-sizing: border-box; \tdisplay: inline-block; \tposition: relative; \tmargin: 0 4px 0 0; \tpadding: 0px; \tbackground-color: #f6f6f6; \tborder: 1px solid #ccc; \tborder-top-left-radius: 4px; \tborder-top-right-radius: 4px; }  #wonderplugintabs-2 > .wonderplugintabs-header-wrap .wonderplugintabs-header-caption { \tcursor: pointer; \tpadding: 8px 12px; }  #wonderplugintabs-2 > .wonderplugintabs-header-wrap .wonderplugintabs-header-li-next { \tborder-left: 1px solid #ccc; }  #wonderplugintabs-2 > .wonderplugintabs-header-wrap .wonderplugintabs-header-li:hover { \tbackground-color: #fff; }  #wonderplugintabs-2 > .wonderplugintabs-header-wrap .wonderplugintabs-header-li-active { \tbackground-color: #fff; \tborder-bottom: 1px solid #fff; }  #wonderplugintabs-2 > .wonderplugintabs-header-wrap .wonderplugintabs-header-li-active-last { }  #wonderplugintabs-2 > .wonderplugintabs-header-wrap .wonderplugintabs-header-li-first { }  #wonderplugintabs-2 > .wonderplugintabs-header-wrap .wonderplugintabs-header-li-first-side-arrows { \tmargin-left: 4px; }  #wonderplugintabs-2 > .wonderplugintabs-header-wrap .wonderplugintabs-header-li-last { }  #wonderplugintabs-2 > .wonderplugintabs-header-wrap .wonderplugintabs-header-li-last-side-arrows { }  #wonderplugintabs-2 > .wonderplugintabs-header-wrap .wonderplugintabs-header-prev { \tdisplay: none; \ttext-align: center; \tposition: absolute; \ttop: 0; \tleft: 0; \tcursor: pointer; \tbackground-color: #f6f6f6; \tborder: 1px solid #ccc; \tborder-top-left-radius: 4px; }  #wonderplugintabs-2 > .wonderplugintabs-header-wrap .wonderplugintabs-header-prev:before {    position: relative;    top: 50%;    margin-top: -8px;    font-family: FontAwesome;    font-size: 16px;    display: block;    color: #666; }  #wonderplugintabs-2 > .wonderplugintabs-header-wrap .wonderplugintabs-header-prev:hover { \tbackground-color: #fff;\t }  #wonderplugintabs-2 > .wonderplugintabs-header-wrap .wonderplugintabs-header-next { \tdisplay: none; \ttext-align: center; \tposition: absolute; \ttop: 0; \tright: 0; \tcursor: pointer; \tbackground-color: #f6f6f6; \tborder: 1px solid #ccc; \tborder-top-right-radius: 4px; }  #wonderplugintabs-2 > .wonderplugintabs-header-wrap .wonderplugintabs-header-next:before {    position: relative;    top: 50%;    margin-top: -8px;    font-family: FontAwesome;    font-size: 16px;    display: block;    color: #666; }  #wonderplugintabs-2 > .wonderplugintabs-header-wrap .wonderplugintabs-header-next:hover { \tbackground-color: #fff;\t }  #wonderplugintabs-2 > .wonderplugintabs-header-wrap .wonderplugintabs-header-menu { \tbox-sizing: border-box; \tdisplay: none; \ttext-align: center; \tposition: absolute; \ttop: 0; \tright: 0; \tcursor: pointer; \tbackground-color: #f6f6f6; \tborder: 1px solid #ccc; \tborder-top-left-radius: 4px; \tborder-top-right-radius: 4px; \tpadding: 8px 12px; }  #wonderplugintabs-2 > .wonderplugintabs-header-wrap .wonderplugintabs-header-menu-caption { \tdisplay: table-cell; \tvertical-align: middle; }  #wonderplugintabs-2 > .wonderplugintabs-header-wrap .wonderplugintabs-header-menu-text { \tfont-family: \"Open Sans\", Arial, sans-serif; \tfont-size: 12px; \tfont-weight: 400; \tvertical-align: middle; \tcolor: #333; }  #wonderplugintabs-2 > .wonderplugintabs-header-wrap .wonderplugintabs-header-menu-icon { \tfont-family: FontAwesome; \tfont-size: 14px; \tvertical-align: middle; \tmargin: 8px; \tcolor: #666; }  #wonderplugintabs-2 > .wonderplugintabs-header-wrap .wonderplugintabs-header-menu:hover { \tbackground-color: #fff;\t }  #wonderplugintabs-2 > .wonderplugintabs-header-wrap .wonderplugintabs-header-menu-dropdown { \tdisplay: none; \tposition: absolute; \twhite-space: nowrap; \ttop: 100%; \tright: 0;\t \tborder-left: 1px solid #ccc; \tborder-right: 1px solid #ccc; \tborder-bottom: 1px solid #ccc; \tbox-shadow: 0 6px 12px rgba(0,0,0,.175); }  #wonderplugintabs-2 > .wonderplugintabs-header-wrap .wonderplugintabs-header-menu-dropdown-item { \tpadding: 12px 32px 12px 20px;\t \tcursor: pointer; \ttext-align: left; \tbackground-color: #fff; }  #wonderplugintabs-2 > .wonderplugintabs-header-wrap .wonderplugintabs-header-menu-dropdown-item:hover { \tbackground-color: #f9f9f9;\t }  #wonderplugintabs-2 > .wonderplugintabs-header-wrap .wonderplugintabs-header-icon-fontawesome { \tfont-family: FontAwesome; \tfont-size: 18px; \tvertical-align: middle; \tmargin: 8px; \tcolor: #666; }  #wonderplugintabs-2 > .wonderplugintabs-header-wrap .wonderplugintabs-header-icon-image { \tmargin: 4px; \tvertical-align: middle; }  #wonderplugintabs-2 > .wonderplugintabs-header-wrap .wonderplugintabs-header-title { \tdisplay: inline-block; \tmargin: 4px; \tfont-family: \"Open Sans\", Arial, sans-serif; \tfont-size: 12px; \tfont-weight: 400; \tvertical-align: middle; \tcolor: #333; }  #wonderplugintabs-2 > .wonderplugintabs-header-wrap .wonderplugintabs-header-li-fullwidth { \tdisplay: block; \tmargin: 0; \tborder-bottom: none; \ttext-align: left; }  #wonderplugintabs-2 > .wonderplugintabs-header-wrap .wonderplugintabs-header-li-fullwidth:last-child { \tborder-bottom: 1px solid #ccc; }  #wonderplugintabs-2 > .wonderplugintabs-panel-wrap { \tbox-sizing: border-box; \tposition: relative; \tdisplay: block; \twidth: 100%; \toverflow: hidden; \tborder: 1px solid #ccc; \tbackground-color: #fff;\t \tmargin-top: -1px; }  #wonderplugintabs-2 > .wonderplugintabs-panel-wrap > .wonderplugintabs-panel { \tbox-sizing: border-box; \tdisplay: block; \tvisibility: hidden; \tposition: absolute; \ttop: 0; \tleft: 0; \twidth: 100%; \ttext-align: left; \tpadding: 24px; }  #wonderplugintabs-2 > .wonderplugintabs-panel-wrap > .wonderplugintabs-panel-active { \tposition: relative; }  #wonderplugintabs-2 > .wonderplugintabs-header-wrap .wonderplugintabs-header-ul-fullwidth { \twhite-space: normal; }  #wonderplugintabs-2 > .wonderplugintabs-header-wrap .wonderplugintabs-header-li-fullwidth { \tborder-radius: 0; }  #wonderplugintabs-2 > .wonderplugintabs-header-wrap  .wonderplugintabs-panel { \tpadding: 24px; \ttext-align: left; }  #wonderplugintabs-2 > .wonderplugintabs-header-wrap  .wonderplugintabs-panel-active { \tposition: relative; }  #wonderplugintabs-2 > .wonderplugintabs-header-wrap .wonderplugintabs-header-li-fullwidth .wonderplugintabs-header-caption:after { \tposition:absolute; \tcolor:#333; \ttop: 12px; \tright:8px; \tcontent: \"\\f107\"; \tfont-family: FontAwesome; \tfont-size: 16px; \tfont-weight:400; }  #wonderplugintabs-2 > .wonderplugintabs-header-wrap .wonderplugintabs-header-li-fullwidth.wonderplugintabs-header-li-active .wonderplugintabs-header-caption:after { \tcontent: \"\\f106\"; }<\/style><div id=\"wonderplugintabs-container-2\" style=\"max-width:800px;margin:0 auto;\"><div style=\"display:none;\" class=\"wonderplugintabs\" id=\"wonderplugintabs-2\" data-tabsid=\"2\" data-width=\"800\" data-height=\"400\" data-skin=\"horizontaltoptabs\" data-enabletabindex=\"false\" data-keyaccess=\"false\" data-fullwidthtabs=\"false\" data-accordion=\"false\" data-accordionmultiple=\"false\" data-accordioncloseall=\"false\" data-switchonmouseover=\"false\" data-savestatusincookie=\"false\" data-extendedheight=\"false\" data-responsive=\"true\" data-fullwidth=\"false\" data-applydisplaynonetohiddenpanel=\"true\" data-triggerresize=\"true\" data-triggerresizeonload=\"true\" data-disablewpautop=\"false\" data-hidetitleonsmallscreen=\"false\" data-donotinit=\"false\" data-addinitscript=\"false\" data-fullwidthtabsonsmallscreen=\"true\" data-accordiononsmallscreen=\"true\" data-heightmode=\"auto\" data-minheight=\"300\" data-firstid=\"0\" data-direction=\"horizontal\" data-tabposition=\"top\" data-tabiconposition=\"left\" data-horizontaltabalign=\"left\" data-hidetitleonsmallscreenwidth=\"768\" data-transition=\"\" data-responsivemode=\"menu\" data-tabarrowmode=\"slide\" data-horizontalarrowwidthsameasheight=\"pixels\" data-horizontalarrowwidth=\"32\" data-arrowprevicon=\"fa-angle-left\" data-arrownexticon=\"fa-angle-right\" data-dropdownmenutext=\"More\" data-dropdownmenuicon=\"fa-angle-down\" data-triggerresizetimeout=\"10\" data-triggerresizeonloadtimeout=\"100\" data-fullwidthtabsonsmallscreenwidth=\"480\" data-jsfolder=\"https:\/\/www.jahraus.eu\/wp-content\/plugins\/wonderplugin-tabs\/engine\/\" data-skinsfoldername=\"skins\" ><div class=\"wonderplugintabs-header-wrap\"><div class=\"wonderplugintabs-header-inner-wrap\"><ul class=\"wonderplugintabs-header-ul\"><li class=\"wonderplugintabs-header-li wonderplugintabs-header-li-first\"><div class=\"wonderplugintabs-header-caption\"><span class=\"wonderplugintabs-header-icon-fontawesome fa-thumbs-up\"><\/span><div class=\"wonderplugintabs-header-title\">Wrightsock<\/div><\/div><\/li><li class=\"wonderplugintabs-header-li\"><div class=\"wonderplugintabs-header-caption\"><span class=\"wonderplugintabs-header-icon-fontawesome fa-mobile-phone\"><\/span><div class=\"wonderplugintabs-header-title\">Oppo<\/div><\/div><\/li><li class=\"wonderplugintabs-header-li\"><div class=\"wonderplugintabs-header-caption\"><span class=\"wonderplugintabs-header-icon-fontawesome fa-mobile-phone\"><\/span><div class=\"wonderplugintabs-header-title\">Xperia X<\/div><\/div><\/li><li class=\"wonderplugintabs-header-li\"><div class=\"wonderplugintabs-header-caption\"><span class=\"wonderplugintabs-header-icon-fontawesome fa-mobile-phone\"><\/span><div class=\"wonderplugintabs-header-title\">Xperia XZ Premium<\/div><\/div><\/li><li class=\"wonderplugintabs-header-li\"><div class=\"wonderplugintabs-header-caption\"><span class=\"wonderplugintabs-header-icon-fontawesome fa-thumbs-up\"><\/span><div class=\"wonderplugintabs-header-title\">leguano<\/div><\/div><\/li><li class=\"wonderplugintabs-header-li\"><div class=\"wonderplugintabs-header-caption\"><span class=\"wonderplugintabs-header-icon-fontawesome fa-money\"><\/span><div class=\"wonderplugintabs-header-title\">Leifheit<\/div><\/div><\/li><li class=\"wonderplugintabs-header-li wonderplugintabs-header-li-last\"><div class=\"wonderplugintabs-header-caption\"><span class=\"wonderplugintabs-header-icon-fontawesome fa-thumbs-up\"><\/span><div class=\"wonderplugintabs-header-title\">Big Blue<\/div><\/div><\/li><\/ul><\/div><\/div><div class=\"wonderplugintabs-panel-wrap\" style=\"min-height:300px;\"><div class=\"wonderplugintabs-panel wonderplugintabs-panel-first\"><div class=\"wonderplugintabs-panel-inner\"><head>\n  <body> <a target=\"_blank\" href=\"http:\/\/www.wrightsock.de\/ueber-uns\"><img decoding=\"async\"\n\n        style=\"width: 204px; height: 53px;\" title=\"Wrightsock Logo\" alt=\"\" src=\"http:\/\/www.jahraus.eu\/wp-content\/uploads\/2015\/03\/logo.png\"><\/a><br \/>\n<style type=\"text\/css\">\n\n.post-content p,\n.post-content blockquote,\n.post-content ul,\n.post-content ol,\n.post-content address,\n.post-content dl,\n.post-content .wp-caption,\n.post-content pre {\n\tline-height: 170%;\n\tmargin-bottom: 1.1em;\n}\n\n* { \n        -webkit-box-sizing: border-box; \n        -moz-box-sizing:    border-box; \n\tbox-sizing:             border-box; \n}\n\n.post-content a { color:#ffffff; }\t           \n\n\nbody a,\n.post-tags a::after {\n\t-webkit-transition: all 0.1s ease-in-out;\n\t -moz-transition: all 0.1s ease-in-out;\n\t -ms-transition: all 0.1s ease-in-out;\n\t -o-transition: all 0.1s ease-in-out;\n\t transition: all 0.1s ease-in-out;\n}\n\nbody a {\n\tcolor: #FF706C;\n\ttext-decoration: none;\n}\n\na { outline: none; }\n\n.auto-style1 {\n\tfont-weight: normal;\n\tfont-style: normal;\n\tfont-size: medium;\n\tline-height: 1;\n\tfont-family: inherit;\n\ttext-align: left;\n\tborder-style: none;\n\tborder-color: inherit;\n\tborder-width: 0;\n\tmargin: 0;\n\tpadding: 0;\n}\n.auto-style2 {\n\tfont-weight: normal;\n\tfont-style: normal;\n\tfont-size: medium;\n\tline-height: 1;\n\tfont-family: Arial, Helvetica, sans-serif;\n\ttext-align: left;\n\tborder-style: none;\n\tborder-color: inherit;\n\tborder-width: 0;\n\tmargin: 0;\n\tpadding: 0;\n}\n.auto-style3 {\n\tfont-family: Arial, Helvetica, sans-serif;\n}\n<\/style>\n<\/head>\n\n<br \/>\nM\u00e4rz 2015 |\u00a0erste m\u00fcndliche Zusage\u00a0vom Chef in Europa \nerhalten.<br \/>\nSeit\u00a05 Jahren trage ich f\u00fcr meine Touren die besten Socken der Welt.\nca. 5000 km bin ich in dieser Zeit gewandert ohne eine einzige Blase.<br \/>\n<br \/>\nGerade wieder neue Socken geordert f\u00fcr die bevorstehenden Ereignisse.\nDie Zeit rennt \u2013 Time is running.<br \/>\nNeue Ereignisse in 2017 stehen an \u2013 na gut \u2013 eigentlich\u00a0\u201enur\u201c eines - der \u201a<span style=\"color: #ff0000;\"><strong><a href=\"https:\/\/de.wikipedia.org\/wiki\/Pacific_Crest_Trail\" style=\"color: #ff0000;\" target=\"_blank\">PCT<\/a><\/strong><\/span>\u201a<br \/>\n<br \/>\nAber nie dabei\u00a0vergessen - sch\u00f6n die Seele baumeln zu lassen.\nAlles entspannt angehen.<br \/>\n<br \/>\nund nun schaut euch mal diese coole Socke an.\nPassend zum bevorstehenden thru-hiking des PCT die passende Socke erhalten.<br \/>\n<br \/>\n<img decoding=\"async\" style=\"width: 417px; height: 417px;\" title=\"PCT-Socke\" alt=\"\" src=\"http:\/\/www.jahraus.eu\/wp-content\/uploads\/2016\/01\/WP_20170123_20_26_40_Pro.jpg\"><\/div><\/div><div class=\"wonderplugintabs-panel\"><div class=\"wonderplugintabs-panel-inner\"><!DOCTYPE html>\n<html>\n  <head>\n    <meta content=\"text\/html; charset=UTF-8\" http-equiv=\"content-type\">\n    <title><\/title>\n  <\/head>\n  <body>\n    <p>08. August 2021<br>\n      <br>\n      Heute habe ich die Firma Oppo angeschrieben.<br>\n      Aus meiner Sicht ist das Oppo Find X3 <br>\n      genau das Smartphone was ich zur Zeit suche.<br>\n      Ich hoffe, Sie k\u00f6nnen mich unterst\u00fctzen<br>\n      und ich kann euch tolle Bilder <br>\n      meiner bevorstehenden Touren<br>\n      dieses Smartphones zeigen.<br>\n<br><br>Hat leider nicht sein sollen.<br>\nSie m\u00fcssen sich entschuldigen, dass sie derzeit keine weitere M\u00f6glichkeit bieten k\u00f6nnen hierbei zu unterst\u00fctzen.<br>\naber mein Respekt: Sie haben sich zumindest sehr zeitnah zur\u00fcckgemeldet.<br>\nDas machen leider nicht alle angeschriebenen Firmen.<br>\n  <\/body>\n\n<\/html><\/div><\/div><div class=\"wonderplugintabs-panel\"><div class=\"wonderplugintabs-panel-inner\"><!DOCTYPE html>\n<html>\n  <head>\n    <meta content=\"text\/html; charset=UTF-8\" http-equiv=\"content-type\">\n    <title><\/title>\n  <\/head>\n  <body>\n    <p>06. M\u00e4rz 2017<br>\n      <br>\n      Heute habe ich von der Firma Sony ein<br>\n      Sony Xperia X zur Verf\u00fcgung gestellt bekommen.<br>\n      Hier ein <a target=\"_blank\" href=\"https:\/\/www.sonymobile.com\/de\/products\/phones\/xperia-x\" style=\"color: red\" >Link<\/a>:<br>\n      <br>\n<img decoding=\"async\" style=\"width: 300px; height: 500px;\" title=\"Sony Xperia X\" alt=\"\" src=\"http:\/\/www.jahraus.eu\/wp-content\/uploads\/2017\/03\/phone.jpg\"><br>\n      <br>\n      Somit ist es mir m\u00f6glich, auf dem PCT die Guthook App zu nutzen.<br>\n      <br>\n      Dies ist mein erstes Android-Phone. Ha!<\/p>\n  <\/body>\n<\/html><\/div><\/div><div class=\"wonderplugintabs-panel\"><div class=\"wonderplugintabs-panel-inner\"><!DOCTYPE html>\n<html>\n  <head>\n    <meta content=\"text\/html; charset=UTF-8\" http-equiv=\"content-type\">\n    <title><\/title>\n  <\/head>\n  <body>\n    <p>21. September 2018<br>\n      <br>\n      Heute habe ich von der Firma Sony ein<br>\n      Nachfolgeger\u00e4t aus der Xperia-Serie erhalten. <br>Das Xperia XZ Premium.<br>\n      Hier ein <a target=\"_blank\" href=\" https:\/\/www.sonymobile.com\/de\/products\/phones\/xperia-xz-premium\" style=\"color: red\" >Link<\/a>:<br>\n      <br>\n<img decoding=\"async\" style=\"width: 300px; height: 500px;\" title=\"Sony Xperia XZ Premium\" alt=\"\" src=\"http:\/\/www.jahraus.eu\/wp-content\/uploads\/2018\/10\/20181001-125304.jpg\"><br>\n      <br>\n      Es macht einen hervorragenden Eindruck<br>und ich freue mich bereits<br>auf den t\u00e4glichen Gebrauch.<br>Ich bin begeistert  .<br>\n      <br>\n  <\/body>\n<\/html><\/div><\/div><div class=\"wonderplugintabs-panel\"><div class=\"wonderplugintabs-panel-inner\"><!DOCTYPE html>\n<html>\n  <head>\n    <meta content=\"text\/html; charset=UTF-8\" http-equiv=\"content-type\">\n    <title><\/title>\n  <\/head>\n  <body>\n    <p>26. April 2018<br>\n      <br>\n      Von der Firma leguano wurde mir ein Paar Barfu\u00dfschuhe gesponsert.<br>\n      Diese trug ich beim Walk of the World. \n      <br>\n      Einem 4-Tage Marsch in Nijmegen, Holland<br>\n      Hier geht es zum <a target=\"_blank\" href=\"https:\/\/www.leguano.eu\/barfuss-blog\/mit-leguano-barfussschuhen-auf-dem-4-tage-marsch-in-nijmegen\" style=\"color: red\" >Bericht<\/a>:<br>\n      <br>\n<img decoding=\"async\" style=\"width: 500px; height: 300px;\" title=\"Leguano Barfu\u00dfschuh\" alt=\"\" src=\"http:\/\/www.jahraus.eu\/wp-content\/uploads\/2019\/04\/magmaorange.jpg\"><br>\n  <\/body>\n<\/html><\/div><\/div><div class=\"wonderplugintabs-panel\"><div class=\"wonderplugintabs-panel-inner\"><!DOCTYPE html>\n<html>\n  <head>\n    <meta content=\"text\/html; charset=UTF-8\" http-equiv=\"content-type\">\n    <title><\/title>\n  <\/head>\n  <body>\n    <p>29. M\u00e4rz 2017<br>\n      <br>\n      Heute habe ich die Firma Leifheit in Nassau an der Lahn angeschrieben.<br>\n      Ich hoffe, ich kann einen weiteren Sponsor dazu gewinnen.<br>\n    <p>03. April 2017<br>\n      <br>\n      Hat leider abgesagt. Sie unterst\u00fctzen keine Einzelpersonen.<br>\n      Man muss gemeinn\u00fctzig sein.<br>\n      Habe ich nicht verstanden,<br>\n      ich kann sowas von gemein sein,<br>\n      scheint aber nichts zu nutzen.<br>\n      Tja, da kann man nichts machen \ud83d\ude42 - hihihi - high five<br>\n  <\/body>\n\n<\/html><\/div><\/div><div class=\"wonderplugintabs-panel wonderplugintabs-panel-last\"><div class=\"wonderplugintabs-panel-inner\"><!DOCTYPE html>\n<html>\n  <head>\n    <meta content=\"text\/html; charset=UTF-8\" http-equiv=\"content-type\">\n    <title><\/title>\n  <\/head>\n  <body>\n    <p>21. Januar 2024<br>\n      <br>\n      Heute habe ich die Firma Big Blue angeschrieben.<br>\n      Ich hoffe, Sie k\u00f6nnen mir mit einem SolarPanel weiterhelfen.<br>\n      Speziell nachgefragt habe ich bez\u00fcglich einem <br>\n      BigBlue 28W Tragbar Solar Ladeger\u00e4t 2-Port USB.<br>\n      Ich bin gespannt.<br>\n<\/html><\/div><\/div><\/div><div class=\"wonderplugin-engine\"><a href=\"http:\/\/www.wonderplugin.com\/wordpress-tabs\/\" title=\"Responsive WordPress Tabs Plugin\">Responsive WordPress Tabs Plugin<\/a><\/div><\/div><\/div>\n","protected":false},"excerpt":{"rendered":"","protected":false},"author":1,"featured_media":0,"parent":0,"menu_order":9,"comment_status":"closed","ping_status":"closed","template":"","meta":{"ngg_post_thumbnail":0,"jetpack_post_was_ever_published":false,"footnotes":""},"class_list":["post-3803","page","type-page","status-publish","hentry"],"jetpack_shortlink":"https:\/\/wp.me\/P5NjPm-Zl","jetpack_sharing_enabled":true,"_links":{"self":[{"href":"https:\/\/www.jahraus.eu\/index.php?rest_route=\/wp\/v2\/pages\/3803","targetHints":{"allow":["GET"]}}],"collection":[{"href":"https:\/\/www.jahraus.eu\/index.php?rest_route=\/wp\/v2\/pages"}],"about":[{"href":"https:\/\/www.jahraus.eu\/index.php?rest_route=\/wp\/v2\/types\/page"}],"author":[{"embeddable":true,"href":"https:\/\/www.jahraus.eu\/index.php?rest_route=\/wp\/v2\/users\/1"}],"replies":[{"embeddable":true,"href":"https:\/\/www.jahraus.eu\/index.php?rest_route=%2Fwp%2Fv2%2Fcomments&post=3803"}],"version-history":[{"count":23,"href":"https:\/\/www.jahraus.eu\/index.php?rest_route=\/wp\/v2\/pages\/3803\/revisions"}],"predecessor-version":[{"id":6596,"href":"https:\/\/www.jahraus.eu\/index.php?rest_route=\/wp\/v2\/pages\/3803\/revisions\/6596"}],"wp:attachment":[{"href":"https:\/\/www.jahraus.eu\/index.php?rest_route=%2Fwp%2Fv2%2Fmedia&parent=3803"}],"curies":[{"name":"wp","href":"https:\/\/api.w.org\/{rel}","templated":true}]}}